{"id":1825,"date":"2023-07-27T15:29:21","date_gmt":"2023-07-27T13:29:21","guid":{"rendered":"https:\/\/top-quality.it\/privacy-policy\/"},"modified":"2023-07-27T15:29:21","modified_gmt":"2023-07-27T13:29:21","slug":"privacy-policy","status":"publish","type":"page","link":"https:\/\/top-quality.it\/fr\/privacy-policy\/","title":{"rendered":"Privacy Policy"},"content":{"rendered":"<section class=\"wpb-content-wrapper\"><p>[vc_row css=\u00a0\u00bb.vc_custom_1690356039316{margin-right: 50px !important;}\u00a0\u00bb][vc_column]\n\t\t\t<!-- START Contatti REVOLUTION SLIDER 6.1.6 --><p class=\"rs-p-wp-fix\"><\/p>\n\t\t\t<rs-module-wrap id=\"rev_slider_8_1_wrapper\" data-source=\"gallery\" style=\"background:transparent;padding:0;margin:0px auto;margin-top:0;margin-bottom:0;\">\n\t\t\t\t<rs-module id=\"rev_slider_8_1\" style=\"display:none;\" data-version=\"6.1.6\">\n\t\t\t\t\t<rs-slides>\n\t\t\t\t\t\t<rs-slide data-key=\"rs-22\" data-title=\"Slide\" data-anim=\"ei:d;eo:d;s:600;r:0;t:fade;sl:d;\">\n\t\t\t\t\t\t\t<img src=\"\/\/top-quality.it\/wp-content\/uploads\/2016\/10\/topquality-azienda2.jpg\" title=\"Privacy Policy\" data-parallax=\"off\" class=\"rev-slidebg\" data-no-retina>\n<!---->\t\t\t\t\t\t<\/rs-slide>\n\t\t\t\t\t<\/rs-slides>\n\t\t\t\t\t<rs-progress class=\"rs-bottom\" style=\"visibility: hidden !important;\"><\/rs-progress>\n\t\t\t\t<\/rs-module>\n\t\t\t\t<script type=\"text\/javascript\">\n\t\t\t\t\tsetREVStartSize({c: 'rev_slider_8_1',rl:[1240,1024,778,480],el:[],gw:[1240,1024,778,480],gh:[500,768,960,720],type:'standard',justify:'',layout:'fullwidth',mh:\"0\"});\n\t\t\t\t\tvar\trevapi8,\n\t\t\t\t\t\ttpj;\n\t\t\t\t\tjQuery(function() {\n\t\t\t\t\t\ttpj = jQuery;\n\t\t\t\t\t\tif(tpj(\"#rev_slider_8_1\").revolution == undefined){\n\t\t\t\t\t\t\trevslider_showDoubleJqueryError(\"#rev_slider_8_1\");\n\t\t\t\t\t\t}else{\n\t\t\t\t\t\t\trevapi8 = tpj(\"#rev_slider_8_1\").show().revolution({\n\t\t\t\t\t\t\t\tjsFileLocation:\"\/\/top-quality.it\/wp-content\/plugins\/revslider\/public\/assets\/js\/\",\n\t\t\t\t\t\t\t\tsliderLayout:\"fullwidth\",\n\t\t\t\t\t\t\t\tduration:2000,\n\t\t\t\t\t\t\t\tvisibilityLevels:\"1240,1024,778,480\",\n\t\t\t\t\t\t\t\tgridwidth:\"1240,1024,778,480\",\n\t\t\t\t\t\t\t\tgridheight:\"500,768,960,720\",\n\t\t\t\t\t\t\t\tresponsiveLevels:\"1240,1024,778,480\",\n\t\t\t\t\t\t\t\tdisableProgressBar:\"on\",\n\t\t\t\t\t\t\t\tnavigation: {\n\t\t\t\t\t\t\t\t\tmouseScrollNavigation:false,\n\t\t\t\t\t\t\t\t\ttouch: {\n\t\t\t\t\t\t\t\t\t\ttouchenabled:true,\n\t\t\t\t\t\t\t\t\t\tswipe_min_touches:50\n\t\t\t\t\t\t\t\t\t}\n\t\t\t\t\t\t\t\t},\n\t\t\t\t\t\t\t\tparallax: {\n\t\t\t\t\t\t\t\t\tlevels:[2,3,4,5,6,7,12,16,10,50,47,48,49,50,51,55],\n\t\t\t\t\t\t\t\t\ttype:\"mouse\",\n\t\t\t\t\t\t\t\t\torigo:\"slidercenter\",\n\t\t\t\t\t\t\t\t\tspeed:2000\n\t\t\t\t\t\t\t\t},\n\t\t\t\t\t\t\t\tfallbacks: {\n\t\t\t\t\t\t\t\t\tallowHTML5AutoPlayOnAndroid:true\n\t\t\t\t\t\t\t\t},\n\t\t\t\t\t\t\t});\n\t\t\t\t\t\t}\n\t\t\t\t\t\t\n\t\t\t\t\t});\n\t\t\t\t<\/script>\n\t\t\t<\/rs-module-wrap>\n\t\t\t<!-- END REVOLUTION SLIDER -->\n[\/vc_column][\/vc_row][vc_row css=\u00a0\u00bb.vc_custom_1690356039316{margin-right: 50px !important;}\u00a0\u00bb][vc_column][vc_empty_space][\/vc_column][\/vc_row][vc_row css=\u00a0\u00bb.vc_custom_1690356070724{margin-right: 50px !important;margin-left: 50px !important;}\u00a0\u00bb][vc_column][vc_column_text]<strong>INFORMATIONS RELATIVES AU TRAITEMENT DES DONN\u00c9ES PERSONNELLES (R\u00c8GLEMENT EUROP\u00c9EN 2016\/679)<br \/>\n<\/strong>Ci-dessous, nous vous communiquons la mani\u00e8re dont vos donn\u00e9es personnelles seront trait\u00e9es.<\/p>\n<p><strong>Responsable du traitement<\/strong><br \/>\nLe responsable du traitement est l&rsquo;entreprise T.O.P. QUALITY TRANCERIE OROBICHE DI PRECISIONE S.R.L., unique actionnaire, dont le si\u00e8ge est situ\u00e9 Via Giotto n.4\/6, Presezzo, 24030, BG.<\/p>\n<p><strong>Finalit\u00e9s du traitement de vos donn\u00e9es<\/strong><br \/>\nNous utiliserons vos donn\u00e9es personnelles (par exemple, nom et pr\u00e9nom, adresse, coordonn\u00e9es, donn\u00e9es bancaires, etc.) aux fins suivantes:<br \/>\n1. Obtention d&rsquo;informations pr\u00e9liminaires pour la fourniture du service\/produit (par exemple, devis) ;<br \/>\n2. Gestion de la fourniture du service\/produit, facturation et gestion des paiements;<br \/>\n3.Respect des obligations fiscales, comptables et des lois et\/ou r\u00e9glementations que notre entreprise est tenue de respecter.<br \/>\nLe traitement de vos donn\u00e9es aux fins mentionn\u00e9es ci-dessus est n\u00e9cessaire pour la fourniture du service\/produit demand\u00e9 et pour remplir les obligations l\u00e9gales qui en d\u00e9coulent.<\/p>\n<p><strong>Obligation de fournir vos donn\u00e9es<\/strong><br \/>\nVos donn\u00e9es sont n\u00e9cessaires pour toutes les finalit\u00e9s indiqu\u00e9es dans le paragraphe pr\u00e9c\u00e9dent ; par cons\u00e9quent, si vous d\u00e9cidez de ne pas nous fournir vos donn\u00e9es, nous ne pourrons pas garantir la fourniture des services\/produits demand\u00e9s.<\/p>\n<p><strong>Comment nous traitons vos donn\u00e9es<\/strong><br \/>\nLa s\u00e9curit\u00e9 de vos donn\u00e9es est garantie gr\u00e2ce \u00e0 la mise en \u0153uvre de mesures techniques et organisationnelles appropri\u00e9es. Nous vous assurons que vos donn\u00e9es ne seront pas trait\u00e9es par des processus d\u00e9cisionnels automatis\u00e9s.<\/p>\n<p><strong>Dur\u00e9e de conservation de vos donn\u00e9es<\/strong><br \/>\nVos donn\u00e9es seront conserv\u00e9es pendant toute la dur\u00e9e de la relation et pendant les 10 ann\u00e9es suivantes.<\/p>\n<p><strong>Destinataires de vos donn\u00e9es<\/strong><br \/>\nVos donn\u00e9es pourront \u00eatre communiqu\u00e9es aux destinataires suivants :<br \/>\n\u2022 Employ\u00e9s et collaborateurs du responsable du traitement, cabinets professionnels, consultants, prestataires de services informatiques et autres parties externes soigneusement s\u00e9lectionn\u00e9es et d\u00fbment instruites par notre entreprise ;<br \/>\n\u2022 Entit\u00e9s et administrations publiques ;<br \/>\n\u2022 Institutions de cr\u00e9dit et financi\u00e8res, compagnies d&rsquo;assurance.<br \/>\n\u2022 Certains des destinataires susmentionn\u00e9s sont d\u00e9sign\u00e9s comme sous-traitants : la liste compl\u00e8te des d\u00e9signations est disponible au si\u00e8ge du responsable du traitement.<\/p>\n<p><strong>Vos droits<\/strong><br \/>\nVous avez le droit d&rsquo;exercer \u00e0 tout moment votre droit d&rsquo;acc\u00e8s, de rectification, d&rsquo;effacement et de limitation du traitement de vos donn\u00e9es. Pour exercer ces droits, vous pouvez nous contacter aux coordonn\u00e9es suivantes :<br \/>\nAdresse : T.O.P. QUALITY TRANCERIE OROBICHE DI PRECISIONE S.R.L. a socio unico, con sede in Via Giotto n.4\/6, Presezzo, 24030, BG.<br \/>\nT\u00e9l\u00e9phone : 035 610813<br \/>\nMail: <a href=\"mailto:amministrazione@top-qually.It\">amministrazione@top-qually.it<\/a><br \/>\nPEC (Courriel Certifi\u00e9) : <a href=\"mailto:topquality@pec.top-quality.it\">topquality@pec.top-quality.it<\/a>.<\/p>\n<p>Vous avez \u00e9galement le droit de d\u00e9poser une plainte aupr\u00e8s de l&rsquo;Autorit\u00e9 de Protection des Donn\u00e9es.<br \/>\n(<a href=\"https:\/\/www.garanteprivacy.it\/\" target=\"_blank\" rel=\"noopener\">https:\/\/www.garanteprivacy.it\/<\/a>).[\/vc_column_text][\/vc_column][\/vc_row]<\/p>\n<\/section>","protected":false},"excerpt":{"rendered":"<p>[vc_row css=\u00a0\u00bb.vc_custom_1690356039316{margin-right: 50px !important;}\u00a0\u00bb][vc_column][\/vc_column][\/vc_row][vc_row css=\u00a0\u00bb.vc_custom_1690356039316{margin-right: 50px !important;}\u00a0\u00bb][vc_column][vc_empty_space][\/vc_column][\/vc_row][vc_row css=\u00a0\u00bb.vc_custom_1690356070724{margin-right: 50px !important;margin-left: 50px !important;}\u00a0\u00bb][vc_column][vc_column_text]INFORMATIONS RELATIVES AU TRAITEMENT DES DONN\u00c9ES PERSONNELLES (R\u00c8GLEMENT EUROP\u00c9EN 2016\/679) Ci-dessous, nous vous communiquons la mani\u00e8re dont vos donn\u00e9es personnelles seront trait\u00e9es. Responsable du traitement Le responsable du traitement est l&rsquo;entreprise T.O.P. QUALITY TRANCERIE OROBICHE DI PRECISIONE S.R.L., unique actionnaire, dont le si\u00e8ge est [&hellip;]<\/p>\n","protected":false},"author":1,"featured_media":0,"parent":0,"menu_order":0,"comment_status":"closed","ping_status":"closed","template":"page-templates\/home1.php","meta":[],"_links":{"self":[{"href":"https:\/\/top-quality.it\/fr\/wp-json\/wp\/v2\/pages\/1825"}],"collection":[{"href":"https:\/\/top-quality.it\/fr\/wp-json\/wp\/v2\/pages"}],"about":[{"href":"https:\/\/top-quality.it\/fr\/wp-json\/wp\/v2\/types\/page"}],"author":[{"embeddable":true,"href":"https:\/\/top-quality.it\/fr\/wp-json\/wp\/v2\/users\/1"}],"replies":[{"embeddable":true,"href":"https:\/\/top-quality.it\/fr\/wp-json\/wp\/v2\/comments?post=1825"}],"version-history":[{"count":2,"href":"https:\/\/top-quality.it\/fr\/wp-json\/wp\/v2\/pages\/1825\/revisions"}],"predecessor-version":[{"id":1827,"href":"https:\/\/top-quality.it\/fr\/wp-json\/wp\/v2\/pages\/1825\/revisions\/1827"}],"wp:attachment":[{"href":"https:\/\/top-quality.it\/fr\/wp-json\/wp\/v2\/media?parent=1825"}],"curies":[{"name":"wp","href":"https:\/\/api.w.org\/{rel}","templated":true}]}}