{"id":690,"date":"2016-11-03T17:16:34","date_gmt":"2016-11-03T16:16:34","guid":{"rendered":"http:\/\/www.top-quality.it\/de\/?page_id=690"},"modified":"2025-03-04T19:01:17","modified_gmt":"2025-03-04T18:01:17","slug":"produkte","status":"publish","type":"page","link":"https:\/\/top-quality.it\/de\/produkte\/","title":{"rendered":"Produkte"},"content":{"rendered":"<section class=\"wpb-content-wrapper\"><p>[vc_row][vc_column]\n\t\t\t<!-- START Attrezzeria REVOLUTION SLIDER 6.1.6 --><p class=\"rs-p-wp-fix\"><\/p>\n\t\t\t<rs-module-wrap id=\"rev_slider_6_1_wrapper\" data-source=\"gallery\" style=\"background:transparent;padding:0;margin:0px auto;margin-top:0;margin-bottom:0;\">\n\t\t\t\t<rs-module id=\"rev_slider_6_1\" style=\"display:none;\" data-version=\"6.1.6\">\n\t\t\t\t\t<rs-slides>\n\t\t\t\t\t\t<rs-slide data-key=\"rs-18\" data-title=\"Slide\" data-thumb=\"\/\/top-quality.it\/wp-content\/uploads\/2016\/10\/topquality-attrezzeria-100x50.jpg\" data-anim=\"ei:d;eo:d;s:600;r:0;t:fade;sl:d;\">\n\t\t\t\t\t\t\t<img src=\"\/\/top-quality.it\/wp-content\/uploads\/2016\/10\/topquality-attrezzeria.jpg\" title=\"Produkte\" data-parallax=\"off\" class=\"rev-slidebg\" data-no-retina>\n<!---->\t\t\t\t\t\t<\/rs-slide>\n\t\t\t\t\t\t<rs-slide data-key=\"rs-17\" data-title=\"Slide\" data-thumb=\"\/\/top-quality.it\/wp-content\/uploads\/2016\/10\/topquality-azienda4-100x50.jpg\" data-anim=\"ei:d;eo:d;s:600;r:0;t:fade;sl:d;\">\n\t\t\t\t\t\t\t<img src=\"\/\/top-quality.it\/wp-content\/uploads\/2016\/10\/topquality-azienda4.jpg\" title=\"Produkte\" data-parallax=\"off\" class=\"rev-slidebg\" data-no-retina>\n<!---->\t\t\t\t\t\t<\/rs-slide>\n\t\t\t\t\t\t<rs-slide data-key=\"rs-16\" data-title=\"Slide\" data-thumb=\"\/\/top-quality.it\/wp-content\/uploads\/2016\/10\/topquality-azienda3-100x50.jpg\" data-anim=\"ei:d;eo:d;s:600;r:0;t:fade;sl:d;\">\n\t\t\t\t\t\t\t<img src=\"\/\/top-quality.it\/wp-content\/uploads\/2016\/10\/topquality-azienda3.jpg\" title=\"Produkte\" data-parallax=\"off\" class=\"rev-slidebg\" data-no-retina>\n<!---->\t\t\t\t\t\t<\/rs-slide>\n\t\t\t\t\t<\/rs-slides>\n\t\t\t\t\t<rs-progress class=\"rs-bottom\" style=\"visibility: hidden !important;\"><\/rs-progress>\n\t\t\t\t<\/rs-module>\n\t\t\t\t<script type=\"text\/javascript\">\n\t\t\t\t\tsetREVStartSize({c: 'rev_slider_6_1',rl:[1240,1024,778,480],el:[],gw:[1240,1024,778,480],gh:[500,768,960,720],type:'standard',justify:'',layout:'fullwidth',mh:\"0\"});\n\t\t\t\t\tvar\trevapi6,\n\t\t\t\t\t\ttpj;\n\t\t\t\t\tjQuery(function() {\n\t\t\t\t\t\ttpj = jQuery;\n\t\t\t\t\t\tif(tpj(\"#rev_slider_6_1\").revolution == undefined){\n\t\t\t\t\t\t\trevslider_showDoubleJqueryError(\"#rev_slider_6_1\");\n\t\t\t\t\t\t}else{\n\t\t\t\t\t\t\trevapi6 = tpj(\"#rev_slider_6_1\").show().revolution({\n\t\t\t\t\t\t\t\tjsFileLocation:\"\/\/top-quality.it\/wp-content\/plugins\/revslider\/public\/assets\/js\/\",\n\t\t\t\t\t\t\t\tsliderLayout:\"fullwidth\",\n\t\t\t\t\t\t\t\tduration:2000,\n\t\t\t\t\t\t\t\tvisibilityLevels:\"1240,1024,778,480\",\n\t\t\t\t\t\t\t\tgridwidth:\"1240,1024,778,480\",\n\t\t\t\t\t\t\t\tgridheight:\"500,768,960,720\",\n\t\t\t\t\t\t\t\tresponsiveLevels:\"1240,1024,778,480\",\n\t\t\t\t\t\t\t\tdisableProgressBar:\"on\",\n\t\t\t\t\t\t\t\tnavigation: {\n\t\t\t\t\t\t\t\t\tmouseScrollNavigation:false,\n\t\t\t\t\t\t\t\t\ttouch: {\n\t\t\t\t\t\t\t\t\t\ttouchenabled:true,\n\t\t\t\t\t\t\t\t\t\tswipe_min_touches:50\n\t\t\t\t\t\t\t\t\t},\n\t\t\t\t\t\t\t\t\tarrows: {\n\t\t\t\t\t\t\t\t\t\tenable:true,\n\t\t\t\t\t\t\t\t\t\tstyle:\"hesperiden\",\n\t\t\t\t\t\t\t\t\t\thide_onmobile:true,\n\t\t\t\t\t\t\t\t\t\thide_under:600,\n\t\t\t\t\t\t\t\t\t\tleft: {\n\t\t\t\t\t\t\t\t\t\t\th_offset:30\n\t\t\t\t\t\t\t\t\t\t},\n\t\t\t\t\t\t\t\t\t\tright: {\n\t\t\t\t\t\t\t\t\t\t\th_offset:30\n\t\t\t\t\t\t\t\t\t\t}\n\t\t\t\t\t\t\t\t\t},\n\t\t\t\t\t\t\t\t\tbullets: {\n\t\t\t\t\t\t\t\t\t\tenable:true,\n\t\t\t\t\t\t\t\t\t\ttmp:\"\",\n\t\t\t\t\t\t\t\t\t\tstyle:\"hephaistos\",\n\t\t\t\t\t\t\t\t\t\thide_onmobile:true,\n\t\t\t\t\t\t\t\t\t\thide_under:600,\n\t\t\t\t\t\t\t\t\t\tv_offset:30\n\t\t\t\t\t\t\t\t\t}\n\t\t\t\t\t\t\t\t},\n\t\t\t\t\t\t\t\tparallax: {\n\t\t\t\t\t\t\t\t\tlevels:[2,3,4,5,6,7,12,16,10,50,47,48,49,50,51,55],\n\t\t\t\t\t\t\t\t\ttype:\"mouse\",\n\t\t\t\t\t\t\t\t\torigo:\"slidercenter\",\n\t\t\t\t\t\t\t\t\tspeed:2000\n\t\t\t\t\t\t\t\t},\n\t\t\t\t\t\t\t\tfallbacks: {\n\t\t\t\t\t\t\t\t\tallowHTML5AutoPlayOnAndroid:true\n\t\t\t\t\t\t\t\t},\n\t\t\t\t\t\t\t});\n\t\t\t\t\t\t}\n\t\t\t\t\t\t\n\t\t\t\t\t});\n\t\t\t\t<\/script>\n\t\t\t\t<script>\n\t\t\t\t\tvar htmlDivCss = unescape(\"%23rev_slider_6_1_wrapper%20.hesperiden.tparrows%20%7B%0A%09cursor%3Apointer%3B%0A%09background%3Argba%280%2C0%2C0%2C0.5%29%3B%0A%09width%3A40px%3B%0A%09height%3A40px%3B%0A%09position%3Aabsolute%3B%0A%09display%3Ablock%3B%0A%09z-index%3A1000%3B%0A%20%20%20%20border-radius%3A%2050%25%3B%0A%7D%0A%23rev_slider_6_1_wrapper%20.hesperiden.tparrows%3Ahover%20%7B%0A%09background%3A%23000000%3B%0A%7D%0A%23rev_slider_6_1_wrapper%20.hesperiden.tparrows%3Abefore%20%7B%0A%09font-family%3A%20%27revicons%27%3B%0A%09font-size%3A20px%3B%0A%09color%3A%23ffffff%3B%0A%09display%3Ablock%3B%0A%09line-height%3A%2040px%3B%0A%09text-align%3A%20center%3B%0A%7D%0A%23rev_slider_6_1_wrapper%20.hesperiden.tparrows.tp-leftarrow%3Abefore%20%7B%0A%09content%3A%20%27%5Ce82c%27%3B%0A%20%20%20%20margin-left%3A-3px%3B%0A%7D%0A%23rev_slider_6_1_wrapper%20.hesperiden.tparrows.tp-rightarrow%3Abefore%20%7B%0A%09content%3A%20%27%5Ce82d%27%3B%0A%20%20%20%20margin-right%3A-3px%3B%0A%7D%0A%23rev_slider_6_1_wrapper%20.hephaistos%20.tp-bullet%20%7B%0A%09width%3A12px%3B%0A%09height%3A12px%3B%0A%09position%3Aabsolute%3B%0A%09background%3A%23999999%3B%0A%09border%3A3px%20solid%20rgba%28255%2C255%2C255%2C0.9%29%3B%0A%09border-radius%3A50%25%3B%0A%09cursor%3A%20pointer%3B%0A%09box-sizing%3Acontent-box%3B%0A%20%20%20%20box-shadow%3A%200px%200px%202px%201px%20rgba%28130%2C130%2C130%2C%200.3%29%3B%0A%7D%0A%23rev_slider_6_1_wrapper%20.hephaistos%20.tp-bullet%3Ahover%2C%0A%23rev_slider_6_1_wrapper%20.hephaistos%20.tp-bullet.selected%20%7B%0A%09background%3A%23ffffff%3B%0A%20%20%20%20border-color%3A%23000000%3B%0A%7D%0A\");\n\t\t\t\t\tvar htmlDiv = document.getElementById('rs-plugin-settings-inline-css');\n\t\t\t\t\tif(htmlDiv) {\n\t\t\t\t\t\thtmlDiv.innerHTML = htmlDiv.innerHTML + htmlDivCss;\n\t\t\t\t\t}else{\n\t\t\t\t\t\tvar htmlDiv = document.createElement('div');\n\t\t\t\t\t\thtmlDiv.innerHTML = '<style>' + htmlDivCss + '<\/style>';\n\t\t\t\t\t\tdocument.getElementsByTagName('head')[0].appendChild(htmlDiv.childNodes[0]);\n\t\t\t\t\t}\n\t\t\t\t<\/script>\n\t\t\t\t<script>\n\t\t\t\t\tvar htmlDivCss = unescape(\"%0A%0A%0A%0A%0A%0A\");\n\t\t\t\t\tvar htmlDiv = document.getElementById('rs-plugin-settings-inline-css');\n\t\t\t\t\tif(htmlDiv) {\n\t\t\t\t\t\thtmlDiv.innerHTML = htmlDiv.innerHTML + htmlDivCss;\n\t\t\t\t\t}else{\n\t\t\t\t\t\tvar htmlDiv = document.createElement('div');\n\t\t\t\t\t\thtmlDiv.innerHTML = '<style>' + htmlDivCss + '<\/style>';\n\t\t\t\t\t\tdocument.getElementsByTagName('head')[0].appendChild(htmlDiv.childNodes[0]);\n\t\t\t\t\t}\n\t\t\t\t<\/script>\n\t\t\t<\/rs-module-wrap>\n\t\t\t<!-- END REVOLUTION SLIDER -->\n[\/vc_column][\/vc_row][vc_row][vc_column][vc_empty_space][\/vc_column][\/vc_row][vc_row css=&#8220;.vc_custom_1690305517575{margin-right: 50px !important;margin-left: 50px !important;}&#8220;][vc_column][vc_column_text]<\/p>\n<p style=\"text-align: justify;\">Im Folgenden finden Sie eine zusammenfassende Pr\u00e4sentation unserer Produktion, die sich durch eine hohe \u201cQualit\u00e4t\u201d in allen Phasen auszeichnet, vom Produktionsprozess bis zum Endprodukt.<\/p>\n<p>[\/vc_column_text][vc_column_text]<\/p>\n<p style=\"text-align: justify;\">T.O.P. QUALITY produziert Stanz- und Beigeteile aus Band und Draht f\u00fcr die Elektronik-, Elektrotechnik- Elektro- Telefon- Automobilindustrie usw. Das Endprodukt kann sowohl lose als auch am Band, mit Innengewinden, geschwei\u00dft oder verbunden sowie auf Kundenzeichnung geliefert werden.<\/p>\n<p style=\"text-align: justify;\">Die Produkte werden unbearbeitet oder, auf Wunsch, mit galvanischer oder W\u00e4rmebehandlungen geliefert, wie H\u00e4rtung, Verzinkung, Vernickelung, Verkupferung, Verzinnung, Versilberung und Vergoldung.<br \/>\nZur Verf\u00fcgung stehen auch selektive galvanische Behandlungen auf schon abgeschorenen B\u00e4nden und Scharnierb\u00e4nden.<\/p>\n<p>[\/vc_column_text][\/vc_column][\/vc_row][vc_row css=&#8220;.vc_custom_1690305527290{margin-right: 50px !important;margin-left: 50px !important;}&#8220;][vc_column][vc_column_text]<\/p>\n<p style=\"text-align: center;\"><strong><span style=\"color: #00afec;\">Bitte klicken Sie auf die Bilder zum Vergr\u00f6\u00dfern.<\/span><\/strong><\/p>\n<p>[\/vc_column_text][\/vc_column][\/vc_row][vc_row gap=&#8220;30&#8243;][vc_column][vc_gallery type=&#8220;image_grid&#8220; images=&#8220;1411,1879,1419,1423,1427,1271,1267,1263,550,546,518,514,510,506,226,223,220,217,214,211,178,181,184,187,193,196,199,202,205,208,175,172,169,166,163,160,157,154,151,627,631,1279,1275,1714,1722,1726,1730,1734,1843&#8243; img_size=&#8220;500&#215;375&#8243;][\/vc_column][\/vc_row]<\/p>\n<\/section>","protected":false},"excerpt":{"rendered":"<p>[vc_row][vc_column][\/vc_column][\/vc_row][vc_row][vc_column][vc_empty_space][\/vc_column][\/vc_row][vc_row css=&#8220;.vc_custom_1690305517575{margin-right: 50px !important;margin-left: 50px !important;}&#8220;][vc_column][vc_column_text] Im Folgenden finden Sie eine zusammenfassende Pr\u00e4sentation unserer Produktion, die sich durch eine hohe \u201cQualit\u00e4t\u201d in allen Phasen auszeichnet, vom Produktionsprozess bis zum Endprodukt. [\/vc_column_text][vc_column_text] T.O.P. QUALITY produziert Stanz- und Beigeteile aus Band und Draht f\u00fcr die Elektronik-, Elektrotechnik- Elektro- Telefon- Automobilindustrie usw. Das Endprodukt kann sowohl lose als [&hellip;]<\/p>\n","protected":false},"author":1,"featured_media":0,"parent":0,"menu_order":0,"comment_status":"closed","ping_status":"closed","template":"page-templates\/home1.php","meta":[],"_links":{"self":[{"href":"https:\/\/top-quality.it\/de\/wp-json\/wp\/v2\/pages\/690"}],"collection":[{"href":"https:\/\/top-quality.it\/de\/wp-json\/wp\/v2\/pages"}],"about":[{"href":"https:\/\/top-quality.it\/de\/wp-json\/wp\/v2\/types\/page"}],"author":[{"embeddable":true,"href":"https:\/\/top-quality.it\/de\/wp-json\/wp\/v2\/users\/1"}],"replies":[{"embeddable":true,"href":"https:\/\/top-quality.it\/de\/wp-json\/wp\/v2\/comments?post=690"}],"version-history":[{"count":15,"href":"https:\/\/top-quality.it\/de\/wp-json\/wp\/v2\/pages\/690\/revisions"}],"predecessor-version":[{"id":1887,"href":"https:\/\/top-quality.it\/de\/wp-json\/wp\/v2\/pages\/690\/revisions\/1887"}],"wp:attachment":[{"href":"https:\/\/top-quality.it\/de\/wp-json\/wp\/v2\/media?parent=690"}],"curies":[{"name":"wp","href":"https:\/\/api.w.org\/{rel}","templated":true}]}}